{"id":10,"date":"2020-05-15T15:11:16","date_gmt":"2020-05-15T13:11:16","guid":{"rendered":"https:\/\/pamataro328373919.wordpress.com\/?page_id=5"},"modified":"2025-12-23T19:24:06","modified_gmt":"2025-12-23T19:24:06","slug":"blog","status":"publish","type":"page","link":"http:\/\/patinatgeartisticmataro.cat\/","title":{"rendered":"Inici"},"content":{"rendered":"\n<figure class=\"wp-block-image alignwide size-large\"><img loading=\"lazy\" decoding=\"async\" width=\"1024\" height=\"512\" src=\"http:\/\/patinatgeartisticmataro.cat\/wp-content\/uploads\/2020\/05\/cap-1024x512.png\" alt=\"\" class=\"wp-image-208\" srcset=\"http:\/\/patinatgeartisticmataro.cat\/wp-content\/uploads\/2020\/05\/cap-1024x512.png 1024w, http:\/\/patinatgeartisticmataro.cat\/wp-content\/uploads\/2020\/05\/cap-300x150.png 300w, http:\/\/patinatgeartisticmataro.cat\/wp-content\/uploads\/2020\/05\/cap-768x384.png 768w, http:\/\/patinatgeartisticmataro.cat\/wp-content\/uploads\/2020\/05\/cap.png 1095w\" sizes=\"(max-width: 1024px) 100vw, 1024px\" \/><\/figure>\n\n\n\n<figure class=\"wp-block-image size-large\"><img loading=\"lazy\" decoding=\"async\" width=\"724\" height=\"1024\" src=\"http:\/\/patinatgeartisticmataro.cat\/wp-content\/uploads\/2022\/06\/volspatinar-724x1024.jpeg\" alt=\"\" class=\"wp-image-256\" srcset=\"http:\/\/patinatgeartisticmataro.cat\/wp-content\/uploads\/2022\/06\/volspatinar-724x1024.jpeg 724w, http:\/\/patinatgeartisticmataro.cat\/wp-content\/uploads\/2022\/06\/volspatinar-212x300.jpeg 212w, http:\/\/patinatgeartisticmataro.cat\/wp-content\/uploads\/2022\/06\/volspatinar-768x1086.jpeg 768w, http:\/\/patinatgeartisticmataro.cat\/wp-content\/uploads\/2022\/06\/volspatinar-1086x1536.jpeg 1086w, http:\/\/patinatgeartisticmataro.cat\/wp-content\/uploads\/2022\/06\/volspatinar.jpeg 1131w\" sizes=\"(max-width: 724px) 100vw, 724px\" \/><\/figure>\n\n\n\n<div style=\"height:100px\" aria-hidden=\"true\" class=\"wp-block-spacer\"><\/div>\n\n\n\n<h4 class=\"wp-block-heading has-text-align-center has-primary-color has-text-color\">El nostre club <\/h4>\n\n\n\n<div style=\"height:20px\" aria-hidden=\"true\" class=\"wp-block-spacer\"><\/div>\n\n\n\n<p>El club <strong>Patinatge Art\u00edstic Matar\u00f3<\/strong> va ser creat a l&#8217;any 1987. Des d\u2019aleshores el nostre club ha mantingut una traject\u00f2ria esportiva continuada i actualment comptem amb 140 patinadors i patinadores de diverses franges d&#8217;edat.<\/p>\n\n\n\n<p>Al club oferim diferents nivells i modalitats de patinatge,  patinatge individual lliure de promoci\u00f3, d&#8217;iniciaci\u00f3, categories, patinatge de grups de xou i adults m\u00e0sters.<\/p>\n\n\n\n<div style=\"height:84px\" aria-hidden=\"true\" class=\"wp-block-spacer\"><\/div>\n\n\n\n<div class=\"wp-block-cover alignfull is-light has-parallax\"><span aria-hidden=\"true\" class=\"wp-block-cover__background has-background-dim-20 has-background-dim\" style=\"background-color:#000000\"><\/span><div role=\"img\" class=\"wp-block-cover__image-background wp-image-59 has-parallax\" style=\"background-position:50% 50%;background-image:url(https:\/\/pamataro328373919.files.wordpress.com\/2020\/05\/patins.png)\"><\/div><div class=\"wp-block-cover__inner-container is-layout-flow wp-block-cover-is-layout-flow\">\n<hr class=\"wp-block-separator has-css-opacity\"\/>\n\n\n\n<div style=\"height:20px\" aria-hidden=\"true\" class=\"wp-block-spacer\"><\/div>\n\n\n\n<h2 class=\"wp-block-heading has-text-align-center\">La nostra visi\u00f3<\/h2>\n\n\n\n<div style=\"height:20px\" aria-hidden=\"true\" class=\"wp-block-spacer\"><\/div>\n\n\n\n<hr class=\"wp-block-separator has-css-opacity\"\/>\n<\/div><\/div>\n\n\n\n<p>Volem ser un club amb futur, amb capacitat de cr\u00e9ixer, disposar d\u2019ambici\u00f3 per afrontar nous reptes i, sobretot, voluntat d&#8217;adaptaci\u00f3 a qualsevol situaci\u00f3.<\/p>\n\n\n\n<p>Volem ser un club esportivament competitiu, on els nostres patinadors i patinadores puguin arribar a les millors competicions a nivell nacional, estatal i europeu.<\/p>\n\n\n\n<p>Volem ser un club econ\u00f2micament fort, que tot i ser una entitat sense afany de lucre volem que sigui dirigit amb professionalitat i transpar\u00e8ncia, per\u00f2 a la vegada socialment i econ\u00f2micament assequible i popular, on tothom pugui practicar el patinatge.<\/p>\n\n\n\n<p>Volem ser un club amb vocaci\u00f3 de promoci\u00f3 esportiva, on els m\u00e9s joves tinguin l\u2019oportunitat de con\u00e8ixer i practicar el patinatge en les millors condicions possibles i que siguin capa\u00e7os de treballar de forma individual i en equip, respectant els companys, monitors, entrenadors i tota la comunitat en general.<\/p>\n\n\n\n<p>Per\u00f2 sobretot, volem ser un club de persones que estimen el patinatge i formem una gran fam\u00edlia, entusiasmades per un projecte com\u00fa.<\/p>\n\n\n\n<div style=\"height:32px\" aria-hidden=\"true\" class=\"wp-block-spacer\"><\/div>\n\n\n\n<hr class=\"wp-block-separator has-css-opacity\"\/>\n\n\n\n<div class=\"wp-block-buttons is-content-justification-center is-layout-flex wp-container-core-buttons-layout-1 wp-block-buttons-is-layout-flex\">\n<div class=\"wp-block-button\"><a class=\"wp-block-button__link wp-element-button\" href=\"http:\/\/patinatgeartisticmataro.cat\/?page_id=80\">Tots els nostres patinadors\/es<\/a><\/div>\n<\/div>\n\n\n\n<div style=\"height:43px\" aria-hidden=\"true\" class=\"wp-block-spacer\"><\/div>\n\n\n\n<div class=\"wp-block-columns is-layout-flex wp-container-core-columns-layout-1 wp-block-columns-is-layout-flex\">\n<div class=\"wp-block-column is-layout-flow wp-block-column-is-layout-flow\"><div class=\"wp-block-image\">\n<figure class=\"aligncenter size-large is-resized\"><a href=\"https:\/\/www.instagram.com\/patinatgeartisticmataro\/\"><img decoding=\"async\" src=\"https:\/\/pamataro328373919.files.wordpress.com\/2020\/05\/1200px-instagram-icon.png?w=1024\" alt=\"\" class=\"wp-image-144\" style=\"width:74px;height:74px\"\/><\/a><\/figure><\/div><\/div>\n\n\n\n<div class=\"wp-block-column is-layout-flow wp-block-column-is-layout-flow\"><div class=\"wp-block-image\">\n<figure class=\"aligncenter size-large is-resized\"><a href=\"https:\/\/www.facebook.com\/Patinatge-Art%C3%ADstic-Matar%C3%B3-768240889926007\/\"><img decoding=\"async\" src=\"https:\/\/pamataro328373919.files.wordpress.com\/2020\/05\/58e919b0eb97430e819064ff.png?w=1024\" alt=\"\" class=\"wp-image-145\" style=\"width:66px;height:66px\"\/><\/a><\/figure><\/div><\/div>\n\n\n\n<div class=\"wp-block-column is-layout-flow wp-block-column-is-layout-flow\"><div class=\"wp-block-image\">\n<figure class=\"aligncenter size-large is-resized\"><a href=\"https:\/\/twitter.com\/patinatgemataro\"><img decoding=\"async\" src=\"https:\/\/pamataro328373919.files.wordpress.com\/2020\/05\/logotipo-twitter.png?w=1024\" alt=\"\" class=\"wp-image-146\" style=\"width:197px;height:98px\"\/><\/a><\/figure><\/div><\/div>\n<\/div>\n\n\n\n<hr class=\"wp-block-separator has-css-opacity\"\/>\n\n\n\n<div class=\"wp-block-columns alignwide is-layout-flex wp-container-core-columns-layout-2 wp-block-columns-is-layout-flex\">\n<div class=\"wp-block-column is-layout-flow wp-block-column-is-layout-flow\">\n<h6 class=\"wp-block-heading has-text-align-left has-primary-color has-text-color\">Junta Directiva<\/h6>\n\n\n\n<p class=\"has-small-font-size\"><strong>President<\/strong>:  Lorena Arco<\/p>\n\n\n\n<p class=\"has-small-font-size\"><strong>Tresorera:<\/strong>  Chari Monta\u00f1o<\/p>\n\n\n\n<p class=\"has-small-font-size\"><strong>Secret\u00e0ri:<\/strong> Alex Martinez<\/p>\n\n\n\n<p class=\"has-small-font-size\"><\/p>\n<\/div>\n\n\n\n<div class=\"wp-block-column is-layout-flow wp-block-column-is-layout-flow\">\n<h6 class=\"wp-block-heading has-text-align-left has-primary-color has-text-color\">Coordinaci\u00f3 t\u00e8cnica<\/h6>\n\n\n\n<p class=\"has-small-font-size\">Eva Gallego (Entrenadora Nacional)<\/p>\n<\/div>\n\n\n\n<div class=\"wp-block-column is-layout-flow wp-block-column-is-layout-flow\">\n<h6 class=\"wp-block-heading has-text-align-left has-primary-color has-text-color\">Equip t\u00e8cnic<\/h6>\n\n\n\n<p class=\"has-small-font-size\">Eva Gallego (Entrenadora Nacional)<\/p>\n\n\n\n<p class=\"has-small-font-size\">Helena Vilardeb\u00f3 (Entrenadora Nivell 2)<\/p>\n\n\n\n<p class=\"has-text-align-left has-small-font-size\">David Le\u00f3n (Entrenador Nivell 1)<\/p>\n\n\n\n<p class=\"has-small-font-size\">Laura Quintero (Entrenadora Nivell 1)<\/p>\n\n\n\n<p class=\"has-small-font-size\">Pol Torres (Entrenador Nivell 1)<\/p>\n\n\n\n<p class=\"has-small-font-size\">Desir\u00e9e Gonz\u00e1lez (Entrenadora Nivell 1) <\/p>\n\n\n\n<p class=\"has-small-font-size\">Maria (Flexivilitat\/Preparaci\u00f3 F\u00edsica)<\/p>\n\n\n\n<p class=\"has-small-font-size\">Cl\u00e1udia Fern\u00e1ndez (Entrenadora Nivell 1)<\/p>\n\n\n\n<p class=\"has-small-font-size\"><\/p>\n<\/div>\n<\/div>\n\n\n\n<div class=\"wp-block-cover alignfull is-light has-parallax\"><span aria-hidden=\"true\" class=\"wp-block-cover__background has-background-dim-20 has-background-dim\" style=\"background-color:#000000\"><\/span><div role=\"img\" class=\"wp-block-cover__image-background wp-image-57 has-parallax\" style=\"background-position:50% 50%;background-image:url(https:\/\/pamataro328373919.files.wordpress.com\/2020\/05\/10.png)\"><\/div><div class=\"wp-block-cover__inner-container is-layout-flow wp-block-cover-is-layout-flow\">\n<div style=\"height:20px\" aria-hidden=\"true\" class=\"wp-block-spacer\"><\/div>\n\n\n\n<h2 class=\"wp-block-heading has-text-align-center\">Contacta amb nosaltres<\/h2>\n\n\n\n<div style=\"height:20px\" aria-hidden=\"true\" class=\"wp-block-spacer\"><\/div>\n<\/div><\/div>\n\n\n\n<figure class=\"wp-block-image size-large is-resized\"><img loading=\"lazy\" decoding=\"async\" width=\"953\" height=\"396\" src=\"http:\/\/patinatgeartisticmataro.cat\/wp-content\/uploads\/2020\/05\/logopam.jpg?w=750\" alt=\"\" class=\"wp-image-32\" style=\"width:298px;height:124px\" srcset=\"http:\/\/patinatgeartisticmataro.cat\/wp-content\/uploads\/2020\/05\/logopam.jpg 953w, http:\/\/patinatgeartisticmataro.cat\/wp-content\/uploads\/2020\/05\/logopam-300x125.jpg 300w, http:\/\/patinatgeartisticmataro.cat\/wp-content\/uploads\/2020\/05\/logopam-768x319.jpg 768w\" sizes=\"(max-width: 953px) 100vw, 953px\" \/><\/figure>\n\n\n\n<div class=\"wp-block-cover alignfull is-light\" style=\"min-height:415px\"><span aria-hidden=\"true\" class=\"wp-block-cover__background has-background-background-color has-background-dim-100 has-background-dim\"><\/span><div class=\"wp-block-cover__inner-container is-layout-flow wp-block-cover-is-layout-flow\">\n<div class=\"wp-block-columns is-layout-flex wp-container-core-columns-layout-3 wp-block-columns-is-layout-flex\">\n<div class=\"wp-block-column is-layout-flow wp-block-column-is-layout-flow\">\n<h5 class=\"wp-block-heading\">Atenci\u00f3 al p\u00fablic<\/h5>\n\n\n\n<p class=\"has-text-align-left has-small-font-size\"><strong>Dimarts i Dijous <\/strong>de 18:00h a 20:00h <\/p>\n\n\n\n<p class=\"has-small-font-size\"><strong>Dissabtes <\/strong>de 11:00h a 13:00h<\/p>\n\n\n\n<p>mataropatinatgeartistic@gmail.com<\/p>\n<\/div>\n\n\n\n<div class=\"wp-block-column is-layout-flow wp-block-column-is-layout-flow\">\n<h5 class=\"wp-block-heading has-text-align-left\">Pavell\u00f3 Jaume Parera<\/h5>\n\n\n\n<p>Avinguda del corregiment 62  Matar\u00f3 (Barcelona)<\/p>\n<\/div>\n<\/div>\n\n\n<div class=\"wp-block-image\">\n<figure class=\"aligncenter size-large is-resized\"><img loading=\"lazy\" decoding=\"async\" width=\"959\" height=\"965\" src=\"http:\/\/patinatgeartisticmataro.cat\/wp-content\/uploads\/2020\/05\/3-37666_whatsapp-png-image-transparent-whatsapp-logo-png.png\" alt=\"\" class=\"wp-image-197\" style=\"width:62px;height:62px\" srcset=\"http:\/\/patinatgeartisticmataro.cat\/wp-content\/uploads\/2020\/05\/3-37666_whatsapp-png-image-transparent-whatsapp-logo-png.png 959w, http:\/\/patinatgeartisticmataro.cat\/wp-content\/uploads\/2020\/05\/3-37666_whatsapp-png-image-transparent-whatsapp-logo-png-298x300.png 298w, http:\/\/patinatgeartisticmataro.cat\/wp-content\/uploads\/2020\/05\/3-37666_whatsapp-png-image-transparent-whatsapp-logo-png-150x150.png 150w, http:\/\/patinatgeartisticmataro.cat\/wp-content\/uploads\/2020\/05\/3-37666_whatsapp-png-image-transparent-whatsapp-logo-png-768x773.png 768w\" sizes=\"(max-width: 959px) 100vw, 959px\" \/><\/figure><\/div>\n\n\n<p class=\"has-text-align-center\"><strong>633 36 41 42<\/strong><\/p>\n\n\n<div id=\"wpgmza_map\" class=\"wpgmza_map\" data-settings='{\"id\":\"1\",\"map_title\":\"ubicaci\\u00f3\",\"map_width\":\"100\",\"map_height\":\"400\",\"map_start_lat\":\"41.547340\",\"map_start_lng\":\"2.437460\",\"map_start_location\":\"41.547340399999996,2.4374598493816153\",\"map_start_zoom\":\"17\",\"default_marker\":\"0\",\"type\":\"1\",\"alignment\":\"4\",\"directions_enabled\":\"1\",\"styling_enabled\":\"0\",\"styling_json\":\"\",\"active\":\"0\",\"kml\":\"\",\"bicycle\":\"0\",\"traffic\":\"0\",\"dbox\":\"1\",\"dbox_width\":\"100\",\"listmarkers\":\"0\",\"listmarkers_advanced\":\"0\",\"filterbycat\":\"0\",\"ugm_enabled\":\"0\",\"ugm_category_enabled\":\"0\",\"fusion\":\"\",\"map_width_type\":\"\\\\%\",\"map_height_type\":\"px\",\"mass_marker_support\":\"1\",\"ugm_access\":\"0\",\"order_markers_by\":\"1\",\"order_markers_choice\":\"2\",\"show_user_location\":\"0\",\"default_to\":\"\",\"other_settings\":{\"store_locator_enabled\":2,\"store_locator_distance\":2,\"store_locator_default_radius\":10,\"store_locator_not_found_message\":\"No results found in this location. Please try again.\",\"store_locator_bounce\":1,\"store_locator_query_string\":\"ZIP \\\/ C\\u00f3digo Postal \\\/ Direcci\\u00f3n\",\"store_locator_default_address\":\"\",\"wpgmza_store_locator_restrict\":\"es\",\"wpgmza_store_locator_radius_style\":\"modern\",\"map_max_zoom\":\"1\",\"transport_layer\":0,\"wpgmza_show_points_of_interest\":0,\"wpgmza_auto_night\":0}}' data-map-id='1' Data-maps-engine='open-layers' data-shortcode-attributes='{\"id\":\"1\"}' style=\"display:block; overflow:auto; width:100%; height:400px; float:left;\"><\/div><\/div><\/div>\n\n\n\n<hr class=\"wp-block-separator has-css-opacity\"\/>\n\n\n\n<p><mark style=\"background-color:rgba(0, 0, 0, 0)\" class=\"has-inline-color has-foreground-color\"><strong>Col\u00b7laboradors<\/strong>:<\/mark><\/p>\n\n\n\n<div class=\"wp-block-columns is-layout-flex wp-container-core-columns-layout-4 wp-block-columns-is-layout-flex\">\n<div class=\"wp-block-column is-layout-flow wp-block-column-is-layout-flow\">\n<figure class=\"wp-block-image size-large is-resized\"><a href=\"http:\/\/petazetas.com\/\" target=\"_blank\" rel=\"noopener noreferrer\"><img decoding=\"async\" src=\"https:\/\/pamataro328373919.files.wordpress.com\/2020\/05\/logopz-1.png?w=595\" alt=\"\" class=\"wp-image-132\" style=\"width:139px;height:126px\"\/><\/a><\/figure>\n<\/div>\n\n\n\n<div class=\"wp-block-column is-layout-flow wp-block-column-is-layout-flow\">\n<figure class=\"wp-block-image size-large\"><a href=\"https:\/\/www.aiguesmataro.com\/ca\" target=\"_blank\" rel=\"noopener noreferrer\"><img decoding=\"async\" src=\"https:\/\/pamataro328373919.files.wordpress.com\/2020\/05\/logoaigues-1.png?w=630\" alt=\"\" class=\"wp-image-133\"\/><\/a><\/figure>\n<\/div>\n\n\n\n<div class=\"wp-block-column is-layout-flow wp-block-column-is-layout-flow\">\n<p><\/p>\n<\/div>\n<\/div>\n\n\n\n<p><strong><span class=\"has-inline-color has-foreground-color\">Amb el suport de<\/span><span class=\"has-inline-color has-primary-color\">:<\/span><\/strong> <\/p>\n\n\n\n<figure class=\"wp-block-image size-large is-resized\"><a href=\"www.mataro.cat\" target=\"_blank\" rel=\"noopener noreferrer\"><img decoding=\"async\" src=\"https:\/\/pamataro328373919.files.wordpress.com\/2020\/05\/logo_mataro.png?w=500\" alt=\"\" class=\"wp-image-135\" style=\"width:227px;height:93px\"\/><\/a><\/figure>\n\n\n\n<p><\/p>\n","protected":false},"excerpt":{"rendered":"<p>El nostre club El club Patinatge Art\u00edstic Matar\u00f3 va ser creat a l&#8217;any 1987. Des d\u2019aleshores el nostre club ha mantingut una traject\u00f2ria esportiva continuada i actualment comptem amb 140 patinadors i patinadores de diverses franges d&#8217;edat. Al club oferim diferents nivells i modalitats de patinatge, patinatge individual lliure de promoci\u00f3, d&#8217;iniciaci\u00f3, categories, patinatge de<a class=\"more-link\" href=\"http:\/\/patinatgeartisticmataro.cat\/\">Continue reading <span class=\"screen-reader-text\">&#8220;Inici&#8221;<\/span><\/a><\/p>\n","protected":false},"author":1,"featured_media":0,"parent":0,"menu_order":1,"comment_status":"closed","ping_status":"closed","template":"","meta":{"footnotes":""},"_links":{"self":[{"href":"http:\/\/patinatgeartisticmataro.cat\/index.php?rest_route=\/wp\/v2\/pages\/10"}],"collection":[{"href":"http:\/\/patinatgeartisticmataro.cat\/index.php?rest_route=\/wp\/v2\/pages"}],"about":[{"href":"http:\/\/patinatgeartisticmataro.cat\/index.php?rest_route=\/wp\/v2\/types\/page"}],"author":[{"embeddable":true,"href":"http:\/\/patinatgeartisticmataro.cat\/index.php?rest_route=\/wp\/v2\/users\/1"}],"replies":[{"embeddable":true,"href":"http:\/\/patinatgeartisticmataro.cat\/index.php?rest_route=%2Fwp%2Fv2%2Fcomments&post=10"}],"version-history":[{"count":46,"href":"http:\/\/patinatgeartisticmataro.cat\/index.php?rest_route=\/wp\/v2\/pages\/10\/revisions"}],"predecessor-version":[{"id":365,"href":"http:\/\/patinatgeartisticmataro.cat\/index.php?rest_route=\/wp\/v2\/pages\/10\/revisions\/365"}],"wp:attachment":[{"href":"http:\/\/patinatgeartisticmataro.cat\/index.php?rest_route=%2Fwp%2Fv2%2Fmedia&parent=10"}],"curies":[{"name":"wp","href":"https:\/\/api.w.org\/{rel}","templated":true}]}}