{"id":223,"date":"2020-10-09T22:53:33","date_gmt":"2020-10-09T22:53:33","guid":{"rendered":"http:\/\/patinatgeartisticmataro.cat\/?page_id=223"},"modified":"2022-12-19T19:30:24","modified_gmt":"2022-12-19T19:30:24","slug":"en-cas-daccident","status":"publish","type":"page","link":"http:\/\/patinatgeartisticmataro.cat\/?page_id=223","title":{"rendered":"Protocol d&#8217;accident"},"content":{"rendered":"\n<p class=\"has-text-align-left\">En cas de que qualsevol patinador tingui una lesi\u00f3 produida a un entrenament o competici\u00f3 al club haur\u00e0 de seguir els seg\u00fcents passos tenint en compte que per a Federats a la Federaci\u00f3 Catalana i Consell Esportiu del Maresme hauran de consultar pr\u00e8viament al carnet virtual de la APP del club el n\u00famero de llic\u00e8ncia del seu fill\/a.<\/p>\n\n\n\n<p>Despr\u00e9s haur\u00e0 omplir i imprimir un d&#8217;aquests documents segons sigui el cas:<\/p>\n\n\n\n<p>Si \u00e9s <strong>esportista federada a la Federaci\u00f3 Catalana de Patinatge<\/strong> haur\u00e0 d&#8217;omplir i imprimir el seg\u00fcent comunicat d&#8217;accident i seguir les instruccions que posa al mateix document <a href=\"https:\/\/drive.google.com\/file\/d\/1xh9XCItavu316GSBLqC3iDZoxgatQKIc\/view?usp=share_link\">&#8220;Comunicat M\u00fatua Federaci\u00f3 Catalana&#8221;<\/a><\/p>\n\n\n\n<p>Si \u00e9s <strong>esportista del Consell Esportiu del Maresme<\/strong> <\/p>\n\n\n\n<ul><li>Dirigir-se a un centre assistencial concertat per accidents esportius d\u2019ASISA i anomenar la p\u00f2lissa n\u00famero 900404 de ASiSA.<ul><li><strong>CQM carrer Lepant<\/strong><\/li><li><strong>Rehastet<\/strong> del cam\u00ed de la Geganta<\/li><li><strong>Hospital de Matar\u00f3<\/strong><\/li><\/ul><\/li><li>Si teniu un dubte amb el&nbsp; procediment a seguir o amb el centre d\u2019assist\u00e8ncia podeu trucar al&nbsp;<strong>t\u00e8lefon 919912440<\/strong>&nbsp;(24 hores)<\/li><li>Un cop tingui l&#8217;informe m\u00e8dic d&#8217;assist\u00e8ncia s&#8217;haur\u00e0 d&#8217;enviar una c\u00f2pia al tel\u00e8fon del club 633363142.<\/li><\/ul>\n\n\n\n<p><\/p>\n\n\n\n<p>Si \u00e9s <strong>esportista d&#8217;ADULTS M\u00c0STERS<\/strong> haur\u00e0 d&#8217;omplir i imprimir el seg\u00fcent comunicat d&#8217;accident i seguir les instruccions que posa al mateix document <a href=\"https:\/\/drive.google.com\/file\/d\/1ShizyDflTawQ-9G1jn8P_46Ao2pEvjsM\/view?usp=sharing\">&#8220;Comunicat Adults M\u00e0ster&#8221;<\/a><\/p>\n\n\n\n<p>Cada comunicat cont\u00e9 un n\u00famero de tel\u00e8fon on haureu de trucar per concertar la visita al centre m\u00e8dic. Per \u00faltim, haureu de fer una foto del comunicat omplert i enviar-la per whatsapp al tel\u00e8fon del club 633364142. <\/p>\n\n\n\n<p>(*) L&#8217;\u00fas de la m\u00fatua esportiva \u00e9s \u00fanicament per a accidents produ\u00efts a competicions i entrenaments causats per la pr\u00e0ctica esportiva al club. Qualsevol altre situaci\u00f3 haureu de fer servir els mecanismes habituals del sistema p\u00fablic de Salut.<\/p>\n","protected":false},"excerpt":{"rendered":"<p>En cas de que qualsevol patinador tingui una lesi\u00f3 produida a un entrenament o competici\u00f3 al club haur\u00e0 de seguir els seg\u00fcents passos tenint en compte que per a Federats a la Federaci\u00f3 Catalana i Consell Esportiu del Maresme hauran de consultar pr\u00e8viament al carnet virtual de la APP del club el n\u00famero de llic\u00e8ncia<a class=\"more-link\" href=\"http:\/\/patinatgeartisticmataro.cat\/?page_id=223\">Continue reading <span class=\"screen-reader-text\">&#8220;Protocol d&#8217;accident&#8221;<\/span><\/a><\/p>\n","protected":false},"author":1,"featured_media":0,"parent":0,"menu_order":0,"comment_status":"closed","ping_status":"closed","template":"","meta":{"footnotes":""},"_links":{"self":[{"href":"http:\/\/patinatgeartisticmataro.cat\/index.php?rest_route=\/wp\/v2\/pages\/223"}],"collection":[{"href":"http:\/\/patinatgeartisticmataro.cat\/index.php?rest_route=\/wp\/v2\/pages"}],"about":[{"href":"http:\/\/patinatgeartisticmataro.cat\/index.php?rest_route=\/wp\/v2\/types\/page"}],"author":[{"embeddable":true,"href":"http:\/\/patinatgeartisticmataro.cat\/index.php?rest_route=\/wp\/v2\/users\/1"}],"replies":[{"embeddable":true,"href":"http:\/\/patinatgeartisticmataro.cat\/index.php?rest_route=%2Fwp%2Fv2%2Fcomments&post=223"}],"version-history":[{"count":13,"href":"http:\/\/patinatgeartisticmataro.cat\/index.php?rest_route=\/wp\/v2\/pages\/223\/revisions"}],"predecessor-version":[{"id":268,"href":"http:\/\/patinatgeartisticmataro.cat\/index.php?rest_route=\/wp\/v2\/pages\/223\/revisions\/268"}],"wp:attachment":[{"href":"http:\/\/patinatgeartisticmataro.cat\/index.php?rest_route=%2Fwp%2Fv2%2Fmedia&parent=223"}],"curies":[{"name":"wp","href":"https:\/\/api.w.org\/{rel}","templated":true}]}}